{"id":7172,"date":"2023-01-17T18:00:11","date_gmt":"2023-01-17T15:00:11","guid":{"rendered":"https:\/\/vivianacosmetic.com.tr\/product\/fosforlu-kalem\/"},"modified":"2023-04-05T11:29:00","modified_gmt":"2023-04-05T08:29:00","slug":"aydinlatici","status":"publish","type":"product","link":"https:\/\/vivianacosmetic.com.tr\/tr\/urun\/aydinlatici\/","title":{"rendered":"Ayd\u0131nlat\u0131c\u0131"},"content":{"rendered":"","protected":false},"excerpt":{"rendered":"","protected":false},"featured_media":6130,"comment_status":"open","ping_status":"closed","template":"","meta":[],"product_cat":[980,975],"product_tag":[],"class_list":["post-7172","product","type-product","status-publish","has-post-thumbnail","hentry","product_cat-aydinlaticiyi","product_cat-yuz-urunleri","has-thumb"],"_links":{"self":[{"href":"https:\/\/vivianacosmetic.com.tr\/tr\/wp-json\/wp\/v2\/product\/7172","targetHints":{"allow":["GET"]}}],"collection":[{"href":"https:\/\/vivianacosmetic.com.tr\/tr\/wp-json\/wp\/v2\/product"}],"about":[{"href":"https:\/\/vivianacosmetic.com.tr\/tr\/wp-json\/wp\/v2\/types\/product"}],"replies":[{"embeddable":true,"href":"https:\/\/vivianacosmetic.com.tr\/tr\/wp-json\/wp\/v2\/comments?post=7172"}],"version-history":[{"count":2,"href":"https:\/\/vivianacosmetic.com.tr\/tr\/wp-json\/wp\/v2\/product\/7172\/revisions"}],"predecessor-version":[{"id":7460,"href":"https:\/\/vivianacosmetic.com.tr\/tr\/wp-json\/wp\/v2\/product\/7172\/revisions\/7460"}],"wp:featuredmedia":[{"embeddable":true,"href":"https:\/\/vivianacosmetic.com.tr\/tr\/wp-json\/wp\/v2\/media\/6130"}],"wp:attachment":[{"href":"https:\/\/vivianacosmetic.com.tr\/tr\/wp-json\/wp\/v2\/media?parent=7172"}],"wp:term":[{"taxonomy":"product_cat","embeddable":true,"href":"https:\/\/vivianacosmetic.com.tr\/tr\/wp-json\/wp\/v2\/product_cat?post=7172"},{"taxonomy":"product_tag","embeddable":true,"href":"https:\/\/vivianacosmetic.com.tr\/tr\/wp-json\/wp\/v2\/product_tag?post=7172"}],"curies":[{"name":"wp","href":"https:\/\/api.w.org\/{rel}","templated":true}]}}