{"id":7032,"date":"2023-01-19T12:21:46","date_gmt":"2023-01-19T09:21:46","guid":{"rendered":"https:\/\/vivianacosmetic.com.tr\/product\/tam-kapatici-fondoten\/"},"modified":"2023-04-05T11:38:08","modified_gmt":"2023-04-05T08:38:08","slug":"kalici-fondoten","status":"publish","type":"product","link":"https:\/\/vivianacosmetic.com.tr\/tr\/urun\/kalici-fondoten\/","title":{"rendered":"Kal\u0131c\u0131 fond\u00f6ten"},"content":{"rendered":"","protected":false},"excerpt":{"rendered":"","protected":false},"featured_media":5524,"comment_status":"open","ping_status":"closed","template":"","meta":[],"product_cat":[979,975],"product_tag":[],"class_list":["post-7032","product","type-product","status-publish","has-post-thumbnail","hentry","product_cat-tam-kapatici-fondoten","product_cat-yuz-urunleri","has-thumb"],"_links":{"self":[{"href":"https:\/\/vivianacosmetic.com.tr\/tr\/wp-json\/wp\/v2\/product\/7032","targetHints":{"allow":["GET"]}}],"collection":[{"href":"https:\/\/vivianacosmetic.com.tr\/tr\/wp-json\/wp\/v2\/product"}],"about":[{"href":"https:\/\/vivianacosmetic.com.tr\/tr\/wp-json\/wp\/v2\/types\/product"}],"replies":[{"embeddable":true,"href":"https:\/\/vivianacosmetic.com.tr\/tr\/wp-json\/wp\/v2\/comments?post=7032"}],"version-history":[{"count":1,"href":"https:\/\/vivianacosmetic.com.tr\/tr\/wp-json\/wp\/v2\/product\/7032\/revisions"}],"predecessor-version":[{"id":7464,"href":"https:\/\/vivianacosmetic.com.tr\/tr\/wp-json\/wp\/v2\/product\/7032\/revisions\/7464"}],"wp:featuredmedia":[{"embeddable":true,"href":"https:\/\/vivianacosmetic.com.tr\/tr\/wp-json\/wp\/v2\/media\/5524"}],"wp:attachment":[{"href":"https:\/\/vivianacosmetic.com.tr\/tr\/wp-json\/wp\/v2\/media?parent=7032"}],"wp:term":[{"taxonomy":"product_cat","embeddable":true,"href":"https:\/\/vivianacosmetic.com.tr\/tr\/wp-json\/wp\/v2\/product_cat?post=7032"},{"taxonomy":"product_tag","embeddable":true,"href":"https:\/\/vivianacosmetic.com.tr\/tr\/wp-json\/wp\/v2\/product_tag?post=7032"}],"curies":[{"name":"wp","href":"https:\/\/api.w.org\/{rel}","templated":true}]}}